{"id":371,"date":"2021-12-04T21:09:19","date_gmt":"2021-12-04T21:09:19","guid":{"rendered":"https:\/\/mikroklang.eu\/?page_id=371"},"modified":"2024-06-19T11:19:43","modified_gmt":"2024-06-19T11:19:43","slug":"sound-workshop-in-berlin","status":"publish","type":"page","link":"https:\/\/mikroklang.eu\/?page_id=371","title":{"rendered":"Sound Workshop in Berlin"},"content":{"rendered":"\t\t<div data-elementor-type=\"wp-page\" data-elementor-id=\"371\" class=\"elementor elementor-371\">\n\t\t\t\t\t\t<section class=\"elementor-section elementor-top-section elementor-element elementor-element-45b0211 elementor-section-boxed elementor-section-height-default elementor-section-height-default\" data-id=\"45b0211\" data-element_type=\"section\">\n\t\t\t\t\t\t<div class=\"elementor-container elementor-column-gap-default\">\n\t\t\t\t\t<div class=\"elementor-column elementor-col-100 elementor-top-column elementor-element elementor-element-b538f25\" data-id=\"b538f25\" data-element_type=\"column\">\n\t\t\t<div class=\"elementor-widget-wrap elementor-element-populated\">\n\t\t\t\t\t\t<div class=\"elementor-element elementor-element-cbb3d90 elementor-widget__width-initial elementor-widget elementor-widget-image\" data-id=\"cbb3d90\" data-element_type=\"widget\" data-widget_type=\"image.default\">\n\t\t\t\t<div class=\"elementor-widget-container\">\n\t\t\t<style>\/*! elementor - v3.21.0 - 20-05-2024 *\/\n.elementor-widget-image{text-align:center}.elementor-widget-image a{display:inline-block}.elementor-widget-image a img[src$=\".svg\"]{width:48px}.elementor-widget-image img{vertical-align:middle;display:inline-block}<\/style>\t\t\t\t\t\t\t<figure class=\"wp-caption\">\n\t\t\t\t\t\t\t\t\t\t<img fetchpriority=\"high\" decoding=\"async\" width=\"1200\" height=\"563\" src=\"https:\/\/mikroklang.eu\/wp-content\/uploads\/2023\/07\/Headerbild-heller.jpg\" class=\"attachment-twentyseventeen-featured-image size-twentyseventeen-featured-image wp-image-578\" alt=\"\" srcset=\"https:\/\/mikroklang.eu\/wp-content\/uploads\/2023\/07\/Headerbild-heller.jpg 1200w, https:\/\/mikroklang.eu\/wp-content\/uploads\/2023\/07\/Headerbild-heller-300x141.jpg 300w, https:\/\/mikroklang.eu\/wp-content\/uploads\/2023\/07\/Headerbild-heller-1024x480.jpg 1024w, https:\/\/mikroklang.eu\/wp-content\/uploads\/2023\/07\/Headerbild-heller-768x360.jpg 768w\" sizes=\"100vw\" \/>\t\t\t\t\t\t\t\t\t\t\t<figcaption class=\"widget-image-caption wp-caption-text\">vergangene Workshops und Projekte in- und au\u00dferhalb Berlins<\/figcaption>\n\t\t\t\t\t\t\t\t\t\t<\/figure>\n\t\t\t\t\t\t\t<\/div>\n\t\t\t\t<\/div>\n\t\t\t\t\t<\/div>\n\t\t<\/div>\n\t\t\t\t\t<\/div>\n\t\t<\/section>\n\t\t\t\t<section class=\"elementor-section elementor-top-section elementor-element elementor-element-2b71272 elementor-section-boxed elementor-section-height-default elementor-section-height-default\" data-id=\"2b71272\" data-element_type=\"section\">\n\t\t\t\t\t\t<div class=\"elementor-container elementor-column-gap-default\">\n\t\t\t\t\t<div class=\"elementor-column elementor-col-100 elementor-top-column elementor-element elementor-element-47b8edd\" data-id=\"47b8edd\" data-element_type=\"column\">\n\t\t\t<div class=\"elementor-widget-wrap elementor-element-populated\">\n\t\t\t\t\t\t<div class=\"elementor-element elementor-element-a61c274 elementor-widget elementor-widget-text-editor\" data-id=\"a61c274\" data-element_type=\"widget\" data-widget_type=\"text-editor.default\">\n\t\t\t\t<div class=\"elementor-widget-container\">\n\t\t\t<style>\/*! elementor - v3.21.0 - 20-05-2024 *\/\n.elementor-widget-text-editor.elementor-drop-cap-view-stacked .elementor-drop-cap{background-color:#69727d;color:#fff}.elementor-widget-text-editor.elementor-drop-cap-view-framed .elementor-drop-cap{color:#69727d;border:3px solid;background-color:transparent}.elementor-widget-text-editor:not(.elementor-drop-cap-view-default) .elementor-drop-cap{margin-top:8px}.elementor-widget-text-editor:not(.elementor-drop-cap-view-default) .elementor-drop-cap-letter{width:1em;height:1em}.elementor-widget-text-editor .elementor-drop-cap{float:left;text-align:center;line-height:1;font-size:50px}.elementor-widget-text-editor .elementor-drop-cap-letter{display:inline-block}<\/style>\t\t\t\t<p>In diesem Workshop werdet Ihr neue Klangerfahrungen machen. Durch aufmerksames H\u00f6ren oder mikrofonisches Verst\u00e4rken k\u00f6nnen Kl\u00e4nge wie durch eine Lupe vergr\u00f6\u00dfert werden. Kaleidoskopartig entfalten sie so einen Reichtum an Farbigkeit, Struktur und Sch\u00f6nheit. Ich m\u00f6chte meine Erfahrungen teilen sie zu h\u00f6ren, zu sp\u00fcren und als Inspirationsquelle zu verwenden. Nach dem Workshop werdet Ihr die Ger\u00e4usche der Umgebung und andere Kl\u00e4nge neu h\u00f6ren und wahrnehmen.<\/p><p>Zuerst werden wir auf einem Klangspaziergang durch den Prenzlauer Berg die Ger\u00e4usche der Stadt auf neue Weise h\u00f6ren und kennenlernen. Danach werde ich Euch in meinem Tonstudio sehr leise, fast unh\u00f6rbare Kl\u00e4nge vorstellen. Ich f\u00fchre Euch in die Technik der &#8220;massage sonore&#8221; ein, bei der der Klang ausgesuchter Objekte dadurch zu Musik werden kann, dass sie auf spezielle Weise ber\u00fchrt und bewegt werden.<br \/>Danach werden wir im Tonstudio leise Kl\u00e4nge \u00fcber verschiedene Mikrofone wie durch ein Mikroskop so verst\u00e4rken, dass man sie durch Lautsprecher gut h\u00f6ren kann. Ich zeige Euch Techniken, neue Kl\u00e4nge zu finden, zu bearbeiten und zu gestalten.<br \/>Der Workshop ist sowohl f\u00fcr professionelle K\u00fcnstler\/innen als auch f\u00fcr aufgeschlossene und h\u00f6r-abenteuerlustige G\u00e4ste konzipiert.<\/p>\t\t\t\t\t\t<\/div>\n\t\t\t\t<\/div>\n\t\t\t\t\t<\/div>\n\t\t<\/div>\n\t\t\t\t\t<\/div>\n\t\t<\/section>\n\t\t\t\t<section class=\"elementor-section elementor-top-section elementor-element elementor-element-0230c01 elementor-section-boxed elementor-section-height-default elementor-section-height-default\" data-id=\"0230c01\" data-element_type=\"section\">\n\t\t\t\t\t\t<div class=\"elementor-container elementor-column-gap-default\">\n\t\t\t\t\t<div class=\"elementor-column elementor-col-100 elementor-top-column elementor-element elementor-element-1dcfcbe\" data-id=\"1dcfcbe\" data-element_type=\"column\">\n\t\t\t<div class=\"elementor-widget-wrap elementor-element-populated\">\n\t\t\t\t\t\t<div class=\"elementor-element elementor-element-c5bacba elementor-widget elementor-widget-text-editor\" data-id=\"c5bacba\" data-element_type=\"widget\" data-widget_type=\"text-editor.default\">\n\t\t\t\t<div class=\"elementor-widget-container\">\n\t\t\t\t\t\t\t<p><strong>Details<\/strong><\/p><p>\u203a 3-st\u00fcndiger Workshop f\u00fcr eine\/n bis drei Teilnehmende<br \/>\u203a Zeitpunkt: nach individueller Vereinbarung <br \/>\u203a Sprache nach Absprache: Deutsch, Englisch, Franz\u00f6sisch<\/p>\t\t\t\t\t\t<\/div>\n\t\t\t\t<\/div>\n\t\t\t\t\t<\/div>\n\t\t<\/div>\n\t\t\t\t\t<\/div>\n\t\t<\/section>\n\t\t\t\t<section class=\"elementor-section elementor-top-section elementor-element elementor-element-0d1fc49 elementor-section-boxed elementor-section-height-default elementor-section-height-default\" data-id=\"0d1fc49\" data-element_type=\"section\">\n\t\t\t\t\t\t<div class=\"elementor-container elementor-column-gap-default\">\n\t\t\t\t\t<div class=\"elementor-column elementor-col-100 elementor-top-column elementor-element elementor-element-1ea6c47\" data-id=\"1ea6c47\" data-element_type=\"column\">\n\t\t\t<div class=\"elementor-widget-wrap elementor-element-populated\">\n\t\t\t\t\t\t<div class=\"elementor-element elementor-element-2232651 elementor-widget elementor-widget-text-editor\" data-id=\"2232651\" data-element_type=\"widget\" data-widget_type=\"text-editor.default\">\n\t\t\t\t<div class=\"elementor-widget-container\">\n\t\t\t\t\t\t\t<p><strong>Vorraussetzungen<\/strong><\/p><p>Es sind keine musikalischen Vorkenntnisse n\u00f6tig<\/p>\t\t\t\t\t\t<\/div>\n\t\t\t\t<\/div>\n\t\t\t\t\t<\/div>\n\t\t<\/div>\n\t\t\t\t\t<\/div>\n\t\t<\/section>\n\t\t\t\t<section class=\"elementor-section elementor-top-section elementor-element elementor-element-e88f498 elementor-section-boxed elementor-section-height-default elementor-section-height-default\" data-id=\"e88f498\" data-element_type=\"section\">\n\t\t\t\t\t\t<div class=\"elementor-container elementor-column-gap-default\">\n\t\t\t\t\t<div class=\"elementor-column elementor-col-100 elementor-top-column elementor-element elementor-element-8bf0d56\" data-id=\"8bf0d56\" data-element_type=\"column\">\n\t\t\t<div class=\"elementor-widget-wrap elementor-element-populated\">\n\t\t\t\t\t\t<div class=\"elementor-element elementor-element-dc9175f elementor-widget elementor-widget-text-editor\" data-id=\"dc9175f\" data-element_type=\"widget\" data-widget_type=\"text-editor.default\">\n\t\t\t\t<div class=\"elementor-widget-container\">\n\t\t\t\t\t\t\t<p><strong>Buchen<\/strong><\/p><p>&#8211; Privat: einzelne\/r Teilnehmer\/in oder Kleingruppe bis 3 Personen &#8211; flexible Termine (Anfrage per Email, Details per Telefon)<br \/><a href=\"https:\/\/www.airbnb.de\/experiences\/1911522\">&#8211; \u00dcber Airbnb Experiences<\/a><\/p>\t\t\t\t\t\t<\/div>\n\t\t\t\t<\/div>\n\t\t\t\t\t<\/div>\n\t\t<\/div>\n\t\t\t\t\t<\/div>\n\t\t<\/section>\n\t\t\t\t<section class=\"elementor-section elementor-top-section elementor-element elementor-element-83004f7 elementor-section-boxed elementor-section-height-default elementor-section-height-default\" data-id=\"83004f7\" data-element_type=\"section\">\n\t\t\t\t\t\t<div class=\"elementor-container elementor-column-gap-default\">\n\t\t\t\t\t<div class=\"elementor-column elementor-col-100 elementor-top-column elementor-element elementor-element-d505f83\" data-id=\"d505f83\" data-element_type=\"column\">\n\t\t\t<div class=\"elementor-widget-wrap elementor-element-populated\">\n\t\t\t\t\t\t<div class=\"elementor-element elementor-element-7020a04 elementor-widget elementor-widget-text-editor\" data-id=\"7020a04\" data-element_type=\"widget\" data-widget_type=\"text-editor.default\">\n\t\t\t\t<div class=\"elementor-widget-container\">\n\t\t\t\t\t\t\t<p><strong>Feedbacks<\/strong><\/p><ul><li>&#8220;Ganz toller Workshop, sowohl mit (Sound-)Vorwissen als auch ohne. Klang auf vielen Ebenen erleben und bewusst machen, auf ganz sch\u00f6ne pers\u00f6nliche Art. Unbedingte Empfehlung!&#8221; (Jana)<br \/><br \/><\/li><li>&#8220;The experience with Annette opened my heart to the sounds of the city to mind harmony within. It took me on a trip from the outside to the inside. In her studio, the fascination of sound that we built up during our walk was applied to a mutual composition and was very fun. Highly recommended!&#8221; (Sean)<br \/><br \/><\/li><li>&#8220;Den Helmholtzplatz im Rahmen eines Klangspaziergangs zu entdecken war sehr inspirierend und aufregend. Ich wurde in eine ganz neue Welt entf\u00fchrt, die eigentlich schon immer da war, aber erst durch Annette wurden mir hierf\u00fcr die Ohren ge\u00f6ffnet \ud83d\ude42 &#8221; (Svenja)<br \/><br \/><\/li><li>&#8220;A truly unique experience. Thoroughly enjoyed it, and highly recommend!&#8221; (Tony)<br \/><br \/><\/li><li>&#8220;Der Workshop mit Annette hat unglaublich viel Spa\u00df gemacht! Sie war offen, herzlich, und hat mir mit dem Thema einen neuen Blick auf meine Umwelt gegeben. In ihrem Studio hatte sie Apfelkuchen gebacken (sehr lecker!) und beim Improvisieren habe ich neue Impulse f\u00fcr meine eigene Arbeit gefunden. &#8221; (Therese)<br \/><br \/><\/li><li>&#8220;Mrs&#8217; Krebs Workshop provides a unique experience which is both instructive and enjoyable. She has clear, original, interesting ideas and an ability to share them, all while keeping flexible and open to other people&#8217;s suggestions and questions. She also was so kind to change and adapt her regularr workshop time schedule to my personal need at requiest. Mrs. Krebs, a widely renowned sound artist and also a longtime resident of Berlin, is really knowledgeable about the unique acoustic qualities of the streets and parks of Prenzlauer Berg surrounding the Helmholzplatz. She took me to a soundwalk through a series of stations, stopping at seemingly unimpressive spots which normally would get unnoticed by the usual tourist crowds and tour guides, but which revealed an enormous richness of sound events, textures and other sensorial qualities and layers. With Mrs. Kreb&#8217;s help, I learned to experience a city stroll as a series of sound compositions which you can model and change at your own will. That really helped me to open my ear, sight and other senses, as well as to appreciate the feel of my own embodiedness. On the second and final part of the workshop, inside Mrs&#8217; Krebs sound-art atelier, I learned about approaches and techniques such as &#8220;sound massage&#8221; or &#8220;spectral granular synthesis&#8221;, and I enjoyed the experience of playing one of her unique sound-sculpture pieces. All in all, a fantastic experience which those willing to explore out of the beaten track shouldn&#8217;t miss.&#8221; (David)<\/li><\/ul>\t\t\t\t\t\t<\/div>\n\t\t\t\t<\/div>\n\t\t\t\t\t<\/div>\n\t\t<\/div>\n\t\t\t\t\t<\/div>\n\t\t<\/section>\n\t\t\t\t<\/div>\n\t\t","protected":false},"excerpt":{"rendered":"<p>vergangene Workshops und Projekte in- und au\u00dferhalb Berlins In diesem Workshop werdet Ihr neue Klangerfahrungen machen. Durch aufmerksames H\u00f6ren oder mikrofonisches Verst\u00e4rken k\u00f6nnen Kl\u00e4nge wie durch eine Lupe vergr\u00f6\u00dfert werden. Kaleidoskopartig entfalten sie so einen Reichtum an Farbigkeit, Struktur und Sch\u00f6nheit. Ich m\u00f6chte meine Erfahrungen teilen sie zu h\u00f6ren, zu sp\u00fcren und als Inspirationsquelle zu &hellip; <\/p>\n<p class=\"link-more\"><a href=\"https:\/\/mikroklang.eu\/?page_id=371\" class=\"more-link\"><span class=\"screen-reader-text\">\u201eSound Workshop in Berlin\u201c<\/span> weiterlesen<\/a><\/p>\n","protected":false},"author":1,"featured_media":0,"parent":0,"menu_order":0,"comment_status":"closed","ping_status":"closed","template":"","meta":{"footnotes":""},"yoast_head":"<!-- This site is optimized with the Yoast SEO plugin v22.7 - https:\/\/yoast.com\/wordpress\/plugins\/seo\/ -->\n<title>Sound Workshop in Berlin - Mikroklang<\/title>\n<meta name=\"robots\" content=\"index, follow, max-snippet:-1, max-image-preview:large, max-video-preview:-1\" \/>\n<link rel=\"canonical\" href=\"https:\/\/mikroklang.eu\/?page_id=371\" \/>\n<meta property=\"og:locale\" content=\"de_DE\" \/>\n<meta property=\"og:type\" content=\"article\" \/>\n<meta property=\"og:title\" content=\"Sound Workshop in Berlin - Mikroklang\" \/>\n<meta property=\"og:description\" content=\"vergangene Workshops und Projekte in- und au\u00dferhalb Berlins In diesem Workshop werdet Ihr neue Klangerfahrungen machen. Durch aufmerksames H\u00f6ren oder mikrofonisches Verst\u00e4rken k\u00f6nnen Kl\u00e4nge wie durch eine Lupe vergr\u00f6\u00dfert werden. Kaleidoskopartig entfalten sie so einen Reichtum an Farbigkeit, Struktur und Sch\u00f6nheit. Ich m\u00f6chte meine Erfahrungen teilen sie zu h\u00f6ren, zu sp\u00fcren und als Inspirationsquelle zu &hellip; \u201eSound Workshop in Berlin\u201c weiterlesen\" \/>\n<meta property=\"og:url\" content=\"https:\/\/mikroklang.eu\/?page_id=371\" \/>\n<meta property=\"og:site_name\" content=\"Mikroklang\" \/>\n<meta property=\"article:modified_time\" content=\"2024-06-19T11:19:43+00:00\" \/>\n<meta property=\"og:image\" content=\"https:\/\/mikroklang.eu\/wp-content\/uploads\/2023\/07\/Headerbild-heller.jpg\" \/>\n<meta name=\"twitter:card\" content=\"summary_large_image\" \/>\n<meta name=\"twitter:label1\" content=\"Gesch\u00e4tzte Lesezeit\" \/>\n\t<meta name=\"twitter:data1\" content=\"3\u00a0Minuten\" \/>\n<script type=\"application\/ld+json\" class=\"yoast-schema-graph\">{\"@context\":\"https:\/\/schema.org\",\"@graph\":[{\"@type\":\"WebPage\",\"@id\":\"https:\/\/mikroklang.eu\/?page_id=371\",\"url\":\"https:\/\/mikroklang.eu\/?page_id=371\",\"name\":\"Sound Workshop in Berlin - Mikroklang\",\"isPartOf\":{\"@id\":\"https:\/\/mikroklang.eu\/#website\"},\"primaryImageOfPage\":{\"@id\":\"https:\/\/mikroklang.eu\/?page_id=371#primaryimage\"},\"image\":{\"@id\":\"https:\/\/mikroklang.eu\/?page_id=371#primaryimage\"},\"thumbnailUrl\":\"https:\/\/mikroklang.eu\/wp-content\/uploads\/2023\/07\/Headerbild-heller.jpg\",\"datePublished\":\"2021-12-04T21:09:19+00:00\",\"dateModified\":\"2024-06-19T11:19:43+00:00\",\"breadcrumb\":{\"@id\":\"https:\/\/mikroklang.eu\/?page_id=371#breadcrumb\"},\"inLanguage\":\"de\",\"potentialAction\":[{\"@type\":\"ReadAction\",\"target\":[\"https:\/\/mikroklang.eu\/?page_id=371\"]}]},{\"@type\":\"ImageObject\",\"inLanguage\":\"de\",\"@id\":\"https:\/\/mikroklang.eu\/?page_id=371#primaryimage\",\"url\":\"https:\/\/mikroklang.eu\/wp-content\/uploads\/2023\/07\/Headerbild-heller.jpg\",\"contentUrl\":\"https:\/\/mikroklang.eu\/wp-content\/uploads\/2023\/07\/Headerbild-heller.jpg\",\"width\":1200,\"height\":563},{\"@type\":\"BreadcrumbList\",\"@id\":\"https:\/\/mikroklang.eu\/?page_id=371#breadcrumb\",\"itemListElement\":[{\"@type\":\"ListItem\",\"position\":1,\"name\":\"Startseite\",\"item\":\"https:\/\/mikroklang.eu\/\"},{\"@type\":\"ListItem\",\"position\":2,\"name\":\"Sound Workshop in Berlin\"}]},{\"@type\":\"WebSite\",\"@id\":\"https:\/\/mikroklang.eu\/#website\",\"url\":\"https:\/\/mikroklang.eu\/\",\"name\":\"Mikroklang\",\"description\":\"Workshops, tuition and lessons in Max\/MSP, live electronics and sound\",\"potentialAction\":[{\"@type\":\"SearchAction\",\"target\":{\"@type\":\"EntryPoint\",\"urlTemplate\":\"https:\/\/mikroklang.eu\/?s={search_term_string}\"},\"query-input\":\"required name=search_term_string\"}],\"inLanguage\":\"de\"}]}<\/script>\n<!-- \/ Yoast SEO plugin. -->","yoast_head_json":{"title":"Sound Workshop in Berlin - Mikroklang","robots":{"index":"index","follow":"follow","max-snippet":"max-snippet:-1","max-image-preview":"max-image-preview:large","max-video-preview":"max-video-preview:-1"},"canonical":"https:\/\/mikroklang.eu\/?page_id=371","og_locale":"de_DE","og_type":"article","og_title":"Sound Workshop in Berlin - Mikroklang","og_description":"vergangene Workshops und Projekte in- und au\u00dferhalb Berlins In diesem Workshop werdet Ihr neue Klangerfahrungen machen. Durch aufmerksames H\u00f6ren oder mikrofonisches Verst\u00e4rken k\u00f6nnen Kl\u00e4nge wie durch eine Lupe vergr\u00f6\u00dfert werden. Kaleidoskopartig entfalten sie so einen Reichtum an Farbigkeit, Struktur und Sch\u00f6nheit. Ich m\u00f6chte meine Erfahrungen teilen sie zu h\u00f6ren, zu sp\u00fcren und als Inspirationsquelle zu &hellip; \u201eSound Workshop in Berlin\u201c weiterlesen","og_url":"https:\/\/mikroklang.eu\/?page_id=371","og_site_name":"Mikroklang","article_modified_time":"2024-06-19T11:19:43+00:00","og_image":[{"url":"https:\/\/mikroklang.eu\/wp-content\/uploads\/2023\/07\/Headerbild-heller.jpg"}],"twitter_card":"summary_large_image","twitter_misc":{"Gesch\u00e4tzte Lesezeit":"3\u00a0Minuten"},"schema":{"@context":"https:\/\/schema.org","@graph":[{"@type":"WebPage","@id":"https:\/\/mikroklang.eu\/?page_id=371","url":"https:\/\/mikroklang.eu\/?page_id=371","name":"Sound Workshop in Berlin - Mikroklang","isPartOf":{"@id":"https:\/\/mikroklang.eu\/#website"},"primaryImageOfPage":{"@id":"https:\/\/mikroklang.eu\/?page_id=371#primaryimage"},"image":{"@id":"https:\/\/mikroklang.eu\/?page_id=371#primaryimage"},"thumbnailUrl":"https:\/\/mikroklang.eu\/wp-content\/uploads\/2023\/07\/Headerbild-heller.jpg","datePublished":"2021-12-04T21:09:19+00:00","dateModified":"2024-06-19T11:19:43+00:00","breadcrumb":{"@id":"https:\/\/mikroklang.eu\/?page_id=371#breadcrumb"},"inLanguage":"de","potentialAction":[{"@type":"ReadAction","target":["https:\/\/mikroklang.eu\/?page_id=371"]}]},{"@type":"ImageObject","inLanguage":"de","@id":"https:\/\/mikroklang.eu\/?page_id=371#primaryimage","url":"https:\/\/mikroklang.eu\/wp-content\/uploads\/2023\/07\/Headerbild-heller.jpg","contentUrl":"https:\/\/mikroklang.eu\/wp-content\/uploads\/2023\/07\/Headerbild-heller.jpg","width":1200,"height":563},{"@type":"BreadcrumbList","@id":"https:\/\/mikroklang.eu\/?page_id=371#breadcrumb","itemListElement":[{"@type":"ListItem","position":1,"name":"Startseite","item":"https:\/\/mikroklang.eu\/"},{"@type":"ListItem","position":2,"name":"Sound Workshop in Berlin"}]},{"@type":"WebSite","@id":"https:\/\/mikroklang.eu\/#website","url":"https:\/\/mikroklang.eu\/","name":"Mikroklang","description":"Workshops, tuition and lessons in Max\/MSP, live electronics and sound","potentialAction":[{"@type":"SearchAction","target":{"@type":"EntryPoint","urlTemplate":"https:\/\/mikroklang.eu\/?s={search_term_string}"},"query-input":"required name=search_term_string"}],"inLanguage":"de"}]}},"_links":{"self":[{"href":"https:\/\/mikroklang.eu\/index.php?rest_route=\/wp\/v2\/pages\/371"}],"collection":[{"href":"https:\/\/mikroklang.eu\/index.php?rest_route=\/wp\/v2\/pages"}],"about":[{"href":"https:\/\/mikroklang.eu\/index.php?rest_route=\/wp\/v2\/types\/page"}],"author":[{"embeddable":true,"href":"https:\/\/mikroklang.eu\/index.php?rest_route=\/wp\/v2\/users\/1"}],"replies":[{"embeddable":true,"href":"https:\/\/mikroklang.eu\/index.php?rest_route=%2Fwp%2Fv2%2Fcomments&post=371"}],"version-history":[{"count":48,"href":"https:\/\/mikroklang.eu\/index.php?rest_route=\/wp\/v2\/pages\/371\/revisions"}],"predecessor-version":[{"id":1473,"href":"https:\/\/mikroklang.eu\/index.php?rest_route=\/wp\/v2\/pages\/371\/revisions\/1473"}],"wp:attachment":[{"href":"https:\/\/mikroklang.eu\/index.php?rest_route=%2Fwp%2Fv2%2Fmedia&parent=371"}],"curies":[{"name":"wp","href":"https:\/\/api.w.org\/{rel}","templated":true}]}}