{"id":36,"date":"2020-03-30T20:00:54","date_gmt":"2020-03-30T20:00:54","guid":{"rendered":"http:\/\/test.mikroklang.eu\/?page_id=36"},"modified":"2025-02-20T15:40:49","modified_gmt":"2025-02-20T15:40:49","slug":"home","status":"publish","type":"page","link":"https:\/\/mikroklang.eu\/?page_id=36","title":{"rendered":"\u00dcber"},"content":{"rendered":"\t\t<div data-elementor-type=\"wp-page\" data-elementor-id=\"36\" class=\"elementor elementor-36\">\n\t\t\t\t\t\t<section class=\"elementor-section elementor-top-section elementor-element elementor-element-c61b58f elementor-section-boxed elementor-section-height-default elementor-section-height-default\" data-id=\"c61b58f\" data-element_type=\"section\">\n\t\t\t\t\t\t<div class=\"elementor-container elementor-column-gap-default\">\n\t\t\t\t\t<div class=\"elementor-column elementor-col-100 elementor-top-column elementor-element elementor-element-bf698a9\" data-id=\"bf698a9\" data-element_type=\"column\">\n\t\t\t<div class=\"elementor-widget-wrap elementor-element-populated\">\n\t\t\t\t\t\t<div class=\"elementor-element elementor-element-adacb01 elementor-widget elementor-widget-heading\" data-id=\"adacb01\" data-element_type=\"widget\" data-widget_type=\"heading.default\">\n\t\t\t\t<div class=\"elementor-widget-container\">\n\t\t\t<style>\/*! elementor - v3.21.0 - 20-05-2024 *\/\n.elementor-heading-title{padding:0;margin:0;line-height:1}.elementor-widget-heading .elementor-heading-title[class*=elementor-size-]>a{color:inherit;font-size:inherit;line-height:inherit}.elementor-widget-heading .elementor-heading-title.elementor-size-small{font-size:15px}.elementor-widget-heading .elementor-heading-title.elementor-size-medium{font-size:19px}.elementor-widget-heading .elementor-heading-title.elementor-size-large{font-size:29px}.elementor-widget-heading .elementor-heading-title.elementor-size-xl{font-size:39px}.elementor-widget-heading .elementor-heading-title.elementor-size-xxl{font-size:59px}<\/style><h3 class=\"elementor-heading-title elementor-size-default\">Mikroklang<\/h3>\t\t<\/div>\n\t\t\t\t<\/div>\n\t\t\t\t<div class=\"elementor-element elementor-element-d50f338 elementor-widget elementor-widget-heading\" data-id=\"d50f338\" data-element_type=\"widget\" data-widget_type=\"heading.default\">\n\t\t\t\t<div class=\"elementor-widget-container\">\n\t\t\t<h4 class=\"elementor-heading-title elementor-size-default\">Tuition und Workshops in Live-Elektronik und Sound\n<\/h4>\t\t<\/div>\n\t\t\t\t<\/div>\n\t\t\t\t<div class=\"elementor-element elementor-element-4221bf4 elementor-widget__width-initial elementor-widget elementor-widget-text-editor\" data-id=\"4221bf4\" data-element_type=\"widget\" data-widget_type=\"text-editor.default\">\n\t\t\t\t<div class=\"elementor-widget-container\">\n\t\t\t<style>\/*! elementor - v3.21.0 - 20-05-2024 *\/\n.elementor-widget-text-editor.elementor-drop-cap-view-stacked .elementor-drop-cap{background-color:#69727d;color:#fff}.elementor-widget-text-editor.elementor-drop-cap-view-framed .elementor-drop-cap{color:#69727d;border:3px solid;background-color:transparent}.elementor-widget-text-editor:not(.elementor-drop-cap-view-default) .elementor-drop-cap{margin-top:8px}.elementor-widget-text-editor:not(.elementor-drop-cap-view-default) .elementor-drop-cap-letter{width:1em;height:1em}.elementor-widget-text-editor .elementor-drop-cap{float:left;text-align:center;line-height:1;font-size:50px}.elementor-widget-text-editor .elementor-drop-cap-letter{display:inline-block}<\/style>\t\t\t\t<p><!-- wp:paragraph --><\/p>\n<p>Innerhalb des Projekts <strong>Mikroklang<\/strong> gibt <a href=\"https:\/\/annettekrebs.eu\/\">Annette Krebs<\/a> Unterricht, Workshops und Projektsupport in Live-Elektronik, Computermusik (MaxMSP), akustischer Achtsamkeit, Improvisation und experimenteller Komposition. Ein Schwerpunkt ihres Unterrichtens liegt darauf, Musiker\/innen, Komponist\/innen und K\u00fcnstler\/innen beim Finden und Herausarbeiten ihrer eigenen musikalischen H\u00f6rw\u00fcnsche und Ausdrucksformen zu unterst\u00fctzen.\u2028 Sie unterst\u00fctzt die Entwicklung eigener elektroakustischer Instrumente und Setups, in denen Kl\u00e4nge durch mikrofonische Verst\u00e4rkung und analoge oder digitale Bearbeitung transformiert werden. Sie gibt Workshops in- und au\u00dferhalb Europas und gibt Privatunterricht f\u00fcr Einzelne und Kleingruppen in Berlin und online.<\/p>\n<p><a href=\"https:\/\/annettekrebs.eu\/\" target=\"_blank\" rel=\"noopener\"><img fetchpriority=\"high\" decoding=\"async\" class=\"alignleft wp-image-72 size-medium\" src=\"https:\/\/mikroklang.eu\/wp-content\/uploads\/2020\/03\/Annette-Krebs-by-Uta-Neumann0-300x200.jpg\" alt=\"\" width=\"300\" height=\"200\" srcset=\"https:\/\/mikroklang.eu\/wp-content\/uploads\/2020\/03\/Annette-Krebs-by-Uta-Neumann0-300x200.jpg 300w, https:\/\/mikroklang.eu\/wp-content\/uploads\/2020\/03\/Annette-Krebs-by-Uta-Neumann0-1024x683.jpg 1024w, https:\/\/mikroklang.eu\/wp-content\/uploads\/2020\/03\/Annette-Krebs-by-Uta-Neumann0-768x512.jpg 768w, https:\/\/mikroklang.eu\/wp-content\/uploads\/2020\/03\/Annette-Krebs-by-Uta-Neumann0-624x416.jpg 624w, https:\/\/mikroklang.eu\/wp-content\/uploads\/2020\/03\/Annette-Krebs-by-Uta-Neumann0.jpg 1200w\" sizes=\"(max-width: 300px) 100vw, 300px\" \/><\/a><\/p>\n<p>\u00a0<\/p>\n<p>\u00a0<\/p>\n<p>\u00a0<\/p>\n<p>\u00a0<\/p>\n<p>\u00a0<\/p>\n<p><strong><br \/>Projekte <\/strong>(Auswahl)<strong><br \/><\/strong><\/p>\n<p><strong>2024\/25<\/strong><br \/><strong>Seminar: Fieldrecordings, MaxMSP und Sensoren<\/strong><br \/>in Kollaboration mit Joanna Dauner<br \/><em>Hochschule f\u00fcr Technik und Wirtschaft Dresden &#8211; University of applied sciences<\/em><em><br \/><a href=\"https:\/\/www.htw-dresden.de\/studium\/vor-dem-studium\/studienangebot\/bachelor-produkt-und-kommunikationsdesign\">Studiengang Design: Produkt und Kommunikation<\/a>\u00a0<\/em><\/p>\n<p><em><strong>2024<br \/><a href=\"https:\/\/www.udk-berlin.de\/fileadmin\/2_dezentral\/FR_Soundstudies\/Sonic_Arts\/Syllabi_SoSe_2024\/F24-Krebs_SE.pdf\">Seminar: Live-Electronics with amplified objects and computers<\/a><br \/><\/strong>UdK\/ Berlin Career College, Masterstudiengang <\/em><a href=\"https:\/\/www.udk-berlin.de\/studium\/sound-studies-and-sonic-arts-master-of-arts\/about\/\"><em>Sound Studies and Sonic Arts<\/em><\/a><\/p>\n<p><em><strong>seit 2020<br \/><\/strong><\/em><strong>Workshops, Support und Tuition, u.a. f\u00fcr die Komposer_Performer\/innen:<\/strong><em><strong><br \/><\/strong><\/em>. Steffi Weismann ( Support und Programmierung in Max\/MSP einer 4-Kanal-Komposition f\u00fcr das Ensemble Maulwerker)<br \/>. Han-earl Park (Consulting)<br \/>. Fiona Sheil, Baptiste Moulin, Helen Papaioannou, Janine Eisen\u00e4cher (MaxMSP )<\/p>\n<p><em><strong>bis 2020 <br \/><\/strong><\/em>. <a href=\"https:\/\/soundout2020.blogspot.com\/2019\/11\/blog-post.html\">SoundOut Festival 2020<\/a> | Festival Workshop |Canberra (AU) 2020<br \/>. <a href=\"https:\/\/www.tonelist.com.au\/soundingtogether\">Sounding Together Workshop (Jim Denley &amp; Annette Krebs)<\/a> | Perth (AU) 2020<br \/>. <a href=\"http:\/\/www.audiofoundation.org.nz\/programmes\/live-events\/artist-talk-annette-krebs\">Workshop and artist talk<\/a> | Audio Foundation | Auckland (NS) 2020<br \/>. <a href=\"http:\/\/www.conservatoire-rennes.fr\/aller-aux-spectacles\/agenda-spectacle\/147-guitaromanie-de-sor-a-django.html\">Conference and workshop<\/a> |Ecole Europ\u00e9enne Sup\u00e9rieure d&#8217;Art de Bretagne |Rennes(FR) 2017<br \/>. <a href=\"http:\/\/formaysonido.org\/ma16-programa.html\">Festival Internacional de Arte Sonoro Monteaudio16<\/a> | Workshop and talk | Montevideo 2016<br \/>. Universidad de Los Andes, Departamento de Arte | Sound-improvisation-workshop | Bogot\u00e1 2016<br \/>. SARC- Sonic Arts Research Centre, Queen&#8217;s University | Workshop: approaches, questions, aims and experiences in electroacoustic music, research and performance | Belfast 2015<br \/>. Notam- Norwegian center for technology in music and the arts | Workshop: approaches, questions, aims and experiences in electroacoustic music, research and performance | Oslo 2014<br \/>. Jan\u00e1cek Academy of Music and Performing Arts\/ International conference MUSICA |Conference, Lecture, Workshop |Brno (CZ) 2011<br \/>. School of the Chicago Art Institute SAIC\/ Department of Sound |Colloquium | Chicago 2008<br \/>. Namless Sound | Workshops | Houston 2008, 2004<br \/>. Datenklang-Schule f\u00fcr Sounddesign und audiovisuelle Technik | Workshops | Berlin 2006<\/p>\n<p><!-- \/wp:paragraph --><!-- wp:list --><!-- \/wp:list --><!-- wp:paragraph --><!-- \/wp:paragraph --><!-- wp:list --><!-- \/wp:list --><!-- wp:paragraph --><!-- \/wp:paragraph --><!-- wp:image {\"id\":173,\"width\":371,\"height\":209,\"sizeSlug\":\"large\"} --><\/p>\n<figure class=\"wp-block-image size-large is-resized\"><img decoding=\"async\" class=\"wp-image-173\" src=\"https:\/\/mikroklang.eu\/wp-content\/uploads\/2020\/11\/Workshop1-1.jpg\" alt=\"\" width=\"371\" height=\"209\" srcset=\"https:\/\/mikroklang.eu\/wp-content\/uploads\/2020\/11\/Workshop1-1.jpg 800w, https:\/\/mikroklang.eu\/wp-content\/uploads\/2020\/11\/Workshop1-1-300x169.jpg 300w, https:\/\/mikroklang.eu\/wp-content\/uploads\/2020\/11\/Workshop1-1-768x432.jpg 768w, https:\/\/mikroklang.eu\/wp-content\/uploads\/2020\/11\/Workshop1-1-624x351.jpg 624w\" sizes=\"(max-width: 371px) 100vw, 371px\" \/>\n<figcaption>Sound Workshop@ Conservatoire De Rennes, FR<\/figcaption>\n<\/figure>\n<p><!-- \/wp:image --><!-- wp:paragraph --><!-- \/wp:paragraph --><!-- wp:paragraph --><!-- \/wp:paragraph --><!-- wp:paragraph --><!-- \/wp:paragraph --><!-- wp:paragraph --><!-- \/wp:paragraph --><!-- wp:paragraph --><!-- \/wp:paragraph --><!-- wp:paragraph --><!-- \/wp:paragraph --><!-- wp:paragraph --><!-- \/wp:paragraph --><!-- wp:paragraph --><!-- \/wp:paragraph --><!-- wp:paragraph --><!-- \/wp:paragraph --><!-- wp:paragraph --><!-- \/wp:paragraph --><!-- wp:paragraph --><!-- \/wp:paragraph --><\/p>\t\t\t\t\t\t<\/div>\n\t\t\t\t<\/div>\n\t\t\t\t\t<\/div>\n\t\t<\/div>\n\t\t\t\t\t<\/div>\n\t\t<\/section>\n\t\t\t\t<\/div>\n\t\t","protected":false},"excerpt":{"rendered":"<p>Mikroklang Tuition und Workshops in Live-Elektronik und Sound Innerhalb des Projekts Mikroklang gibt Annette Krebs Unterricht, Workshops und Projektsupport in Live-Elektronik, Computermusik (MaxMSP), akustischer Achtsamkeit, Improvisation und experimenteller Komposition. Ein Schwerpunkt ihres Unterrichtens liegt darauf, Musiker\/innen, Komponist\/innen und K\u00fcnstler\/innen beim Finden und Herausarbeiten ihrer eigenen musikalischen H\u00f6rw\u00fcnsche und Ausdrucksformen zu unterst\u00fctzen.\u2028 Sie unterst\u00fctzt die Entwicklung &hellip; <\/p>\n<p class=\"link-more\"><a href=\"https:\/\/mikroklang.eu\/?page_id=36\" class=\"more-link\"><span class=\"screen-reader-text\">\u201e\u00dcber\u201c<\/span> weiterlesen<\/a><\/p>\n","protected":false},"author":1,"featured_media":0,"parent":0,"menu_order":0,"comment_status":"closed","ping_status":"closed","template":"","meta":{"footnotes":""},"yoast_head":"<!-- This site is optimized with the Yoast SEO plugin v22.7 - https:\/\/yoast.com\/wordpress\/plugins\/seo\/ -->\n<title>\u00dcber - Mikroklang<\/title>\n<meta name=\"robots\" content=\"index, follow, max-snippet:-1, max-image-preview:large, max-video-preview:-1\" \/>\n<link rel=\"canonical\" href=\"https:\/\/mikroklang.eu\/?page_id=36\" \/>\n<meta property=\"og:locale\" content=\"de_DE\" \/>\n<meta property=\"og:type\" content=\"article\" \/>\n<meta property=\"og:title\" content=\"\u00dcber - Mikroklang\" \/>\n<meta property=\"og:description\" content=\"Mikroklang Tuition und Workshops in Live-Elektronik und Sound Innerhalb des Projekts Mikroklang gibt Annette Krebs Unterricht, Workshops und Projektsupport in Live-Elektronik, Computermusik (MaxMSP), akustischer Achtsamkeit, Improvisation und experimenteller Komposition. Ein Schwerpunkt ihres Unterrichtens liegt darauf, Musiker\/innen, Komponist\/innen und K\u00fcnstler\/innen beim Finden und Herausarbeiten ihrer eigenen musikalischen H\u00f6rw\u00fcnsche und Ausdrucksformen zu unterst\u00fctzen.\u2028 Sie unterst\u00fctzt die Entwicklung &hellip; \u201e\u00dcber\u201c weiterlesen\" \/>\n<meta property=\"og:url\" content=\"https:\/\/mikroklang.eu\/?page_id=36\" \/>\n<meta property=\"og:site_name\" content=\"Mikroklang\" \/>\n<meta property=\"article:modified_time\" content=\"2025-02-20T15:40:49+00:00\" \/>\n<meta property=\"og:image\" content=\"https:\/\/mikroklang.eu\/wp-content\/uploads\/2020\/03\/Annette-Krebs-by-Uta-Neumann0-300x200.jpg\" \/>\n<meta name=\"twitter:card\" content=\"summary_large_image\" \/>\n<meta name=\"twitter:label1\" content=\"Gesch\u00e4tzte Lesezeit\" \/>\n\t<meta name=\"twitter:data1\" content=\"3\u00a0Minuten\" \/>\n<script type=\"application\/ld+json\" class=\"yoast-schema-graph\">{\"@context\":\"https:\/\/schema.org\",\"@graph\":[{\"@type\":\"WebPage\",\"@id\":\"https:\/\/mikroklang.eu\/?page_id=36\",\"url\":\"https:\/\/mikroklang.eu\/?page_id=36\",\"name\":\"\u00dcber - Mikroklang\",\"isPartOf\":{\"@id\":\"https:\/\/mikroklang.eu\/#website\"},\"primaryImageOfPage\":{\"@id\":\"https:\/\/mikroklang.eu\/?page_id=36#primaryimage\"},\"image\":{\"@id\":\"https:\/\/mikroklang.eu\/?page_id=36#primaryimage\"},\"thumbnailUrl\":\"https:\/\/mikroklang.eu\/wp-content\/uploads\/2020\/03\/Annette-Krebs-by-Uta-Neumann0-300x200.jpg\",\"datePublished\":\"2020-03-30T20:00:54+00:00\",\"dateModified\":\"2025-02-20T15:40:49+00:00\",\"breadcrumb\":{\"@id\":\"https:\/\/mikroklang.eu\/?page_id=36#breadcrumb\"},\"inLanguage\":\"de\",\"potentialAction\":[{\"@type\":\"ReadAction\",\"target\":[\"https:\/\/mikroklang.eu\/?page_id=36\"]}]},{\"@type\":\"ImageObject\",\"inLanguage\":\"de\",\"@id\":\"https:\/\/mikroklang.eu\/?page_id=36#primaryimage\",\"url\":\"https:\/\/mikroklang.eu\/wp-content\/uploads\/2020\/03\/Annette-Krebs-by-Uta-Neumann0.jpg\",\"contentUrl\":\"https:\/\/mikroklang.eu\/wp-content\/uploads\/2020\/03\/Annette-Krebs-by-Uta-Neumann0.jpg\",\"width\":1200,\"height\":800},{\"@type\":\"BreadcrumbList\",\"@id\":\"https:\/\/mikroklang.eu\/?page_id=36#breadcrumb\",\"itemListElement\":[{\"@type\":\"ListItem\",\"position\":1,\"name\":\"Startseite\",\"item\":\"https:\/\/mikroklang.eu\/\"},{\"@type\":\"ListItem\",\"position\":2,\"name\":\"\u00dcber\"}]},{\"@type\":\"WebSite\",\"@id\":\"https:\/\/mikroklang.eu\/#website\",\"url\":\"https:\/\/mikroklang.eu\/\",\"name\":\"Mikroklang\",\"description\":\"Workshops, tuition and lessons in Max\/MSP, live electronics and sound\",\"potentialAction\":[{\"@type\":\"SearchAction\",\"target\":{\"@type\":\"EntryPoint\",\"urlTemplate\":\"https:\/\/mikroklang.eu\/?s={search_term_string}\"},\"query-input\":\"required name=search_term_string\"}],\"inLanguage\":\"de\"}]}<\/script>\n<!-- \/ Yoast SEO plugin. -->","yoast_head_json":{"title":"\u00dcber - Mikroklang","robots":{"index":"index","follow":"follow","max-snippet":"max-snippet:-1","max-image-preview":"max-image-preview:large","max-video-preview":"max-video-preview:-1"},"canonical":"https:\/\/mikroklang.eu\/?page_id=36","og_locale":"de_DE","og_type":"article","og_title":"\u00dcber - Mikroklang","og_description":"Mikroklang Tuition und Workshops in Live-Elektronik und Sound Innerhalb des Projekts Mikroklang gibt Annette Krebs Unterricht, Workshops und Projektsupport in Live-Elektronik, Computermusik (MaxMSP), akustischer Achtsamkeit, Improvisation und experimenteller Komposition. Ein Schwerpunkt ihres Unterrichtens liegt darauf, Musiker\/innen, Komponist\/innen und K\u00fcnstler\/innen beim Finden und Herausarbeiten ihrer eigenen musikalischen H\u00f6rw\u00fcnsche und Ausdrucksformen zu unterst\u00fctzen.\u2028 Sie unterst\u00fctzt die Entwicklung &hellip; \u201e\u00dcber\u201c weiterlesen","og_url":"https:\/\/mikroklang.eu\/?page_id=36","og_site_name":"Mikroklang","article_modified_time":"2025-02-20T15:40:49+00:00","og_image":[{"url":"https:\/\/mikroklang.eu\/wp-content\/uploads\/2020\/03\/Annette-Krebs-by-Uta-Neumann0-300x200.jpg"}],"twitter_card":"summary_large_image","twitter_misc":{"Gesch\u00e4tzte Lesezeit":"3\u00a0Minuten"},"schema":{"@context":"https:\/\/schema.org","@graph":[{"@type":"WebPage","@id":"https:\/\/mikroklang.eu\/?page_id=36","url":"https:\/\/mikroklang.eu\/?page_id=36","name":"\u00dcber - Mikroklang","isPartOf":{"@id":"https:\/\/mikroklang.eu\/#website"},"primaryImageOfPage":{"@id":"https:\/\/mikroklang.eu\/?page_id=36#primaryimage"},"image":{"@id":"https:\/\/mikroklang.eu\/?page_id=36#primaryimage"},"thumbnailUrl":"https:\/\/mikroklang.eu\/wp-content\/uploads\/2020\/03\/Annette-Krebs-by-Uta-Neumann0-300x200.jpg","datePublished":"2020-03-30T20:00:54+00:00","dateModified":"2025-02-20T15:40:49+00:00","breadcrumb":{"@id":"https:\/\/mikroklang.eu\/?page_id=36#breadcrumb"},"inLanguage":"de","potentialAction":[{"@type":"ReadAction","target":["https:\/\/mikroklang.eu\/?page_id=36"]}]},{"@type":"ImageObject","inLanguage":"de","@id":"https:\/\/mikroklang.eu\/?page_id=36#primaryimage","url":"https:\/\/mikroklang.eu\/wp-content\/uploads\/2020\/03\/Annette-Krebs-by-Uta-Neumann0.jpg","contentUrl":"https:\/\/mikroklang.eu\/wp-content\/uploads\/2020\/03\/Annette-Krebs-by-Uta-Neumann0.jpg","width":1200,"height":800},{"@type":"BreadcrumbList","@id":"https:\/\/mikroklang.eu\/?page_id=36#breadcrumb","itemListElement":[{"@type":"ListItem","position":1,"name":"Startseite","item":"https:\/\/mikroklang.eu\/"},{"@type":"ListItem","position":2,"name":"\u00dcber"}]},{"@type":"WebSite","@id":"https:\/\/mikroklang.eu\/#website","url":"https:\/\/mikroklang.eu\/","name":"Mikroklang","description":"Workshops, tuition and lessons in Max\/MSP, live electronics and sound","potentialAction":[{"@type":"SearchAction","target":{"@type":"EntryPoint","urlTemplate":"https:\/\/mikroklang.eu\/?s={search_term_string}"},"query-input":"required name=search_term_string"}],"inLanguage":"de"}]}},"_links":{"self":[{"href":"https:\/\/mikroklang.eu\/index.php?rest_route=\/wp\/v2\/pages\/36"}],"collection":[{"href":"https:\/\/mikroklang.eu\/index.php?rest_route=\/wp\/v2\/pages"}],"about":[{"href":"https:\/\/mikroklang.eu\/index.php?rest_route=\/wp\/v2\/types\/page"}],"author":[{"embeddable":true,"href":"https:\/\/mikroklang.eu\/index.php?rest_route=\/wp\/v2\/users\/1"}],"replies":[{"embeddable":true,"href":"https:\/\/mikroklang.eu\/index.php?rest_route=%2Fwp%2Fv2%2Fcomments&post=36"}],"version-history":[{"count":127,"href":"https:\/\/mikroklang.eu\/index.php?rest_route=\/wp\/v2\/pages\/36\/revisions"}],"predecessor-version":[{"id":1569,"href":"https:\/\/mikroklang.eu\/index.php?rest_route=\/wp\/v2\/pages\/36\/revisions\/1569"}],"wp:attachment":[{"href":"https:\/\/mikroklang.eu\/index.php?rest_route=%2Fwp%2Fv2%2Fmedia&parent=36"}],"curies":[{"name":"wp","href":"https:\/\/api.w.org\/{rel}","templated":true}]}}