{"id":279,"date":"2021-02-01T23:22:01","date_gmt":"2021-02-01T23:22:01","guid":{"rendered":"https:\/\/mikroklang.eu\/?page_id=279"},"modified":"2023-04-26T10:06:03","modified_gmt":"2023-04-26T10:06:03","slug":"impressum","status":"publish","type":"page","link":"https:\/\/mikroklang.eu\/?page_id=279","title":{"rendered":"Impressum"},"content":{"rendered":"\t\t<div data-elementor-type=\"wp-page\" data-elementor-id=\"279\" class=\"elementor elementor-279\">\n\t\t\t\t\t\t<section class=\"elementor-section elementor-top-section elementor-element elementor-element-8ecd355 elementor-section-boxed elementor-section-height-default elementor-section-height-default\" data-id=\"8ecd355\" data-element_type=\"section\">\n\t\t\t\t\t\t<div class=\"elementor-container elementor-column-gap-default\">\n\t\t\t\t\t<div class=\"elementor-column elementor-col-100 elementor-top-column elementor-element elementor-element-2f869898\" data-id=\"2f869898\" data-element_type=\"column\">\n\t\t\t<div class=\"elementor-widget-wrap elementor-element-populated\">\n\t\t\t\t\t\t<div class=\"elementor-element elementor-element-122b5f75 elementor-widget elementor-widget-text-editor\" data-id=\"122b5f75\" data-element_type=\"widget\" data-widget_type=\"text-editor.default\">\n\t\t\t\t<div class=\"elementor-widget-container\">\n\t\t\t<style>\/*! elementor - v3.21.0 - 20-05-2024 *\/\n.elementor-widget-text-editor.elementor-drop-cap-view-stacked .elementor-drop-cap{background-color:#69727d;color:#fff}.elementor-widget-text-editor.elementor-drop-cap-view-framed .elementor-drop-cap{color:#69727d;border:3px solid;background-color:transparent}.elementor-widget-text-editor:not(.elementor-drop-cap-view-default) .elementor-drop-cap{margin-top:8px}.elementor-widget-text-editor:not(.elementor-drop-cap-view-default) .elementor-drop-cap-letter{width:1em;height:1em}.elementor-widget-text-editor .elementor-drop-cap{float:left;text-align:center;line-height:1;font-size:50px}.elementor-widget-text-editor .elementor-drop-cap-letter{display:inline-block}<\/style>\t\t\t\t<!-- wp:image {\"id\":320,\"width\":290,\"height\":460,\"sizeSlug\":\"large\"} -->\n<figure class=\"wp-block-image size-large is-resized\"><img fetchpriority=\"high\" decoding=\"async\" class=\"wp-image-320\" src=\"https:\/\/mikroklang.eu\/wp-content\/uploads\/2021\/02\/plagiate-untereinander.jpg\" alt=\"\" width=\"290\" height=\"460\" srcset=\"https:\/\/mikroklang.eu\/wp-content\/uploads\/2021\/02\/plagiate-untereinander.jpg 227w, https:\/\/mikroklang.eu\/wp-content\/uploads\/2021\/02\/plagiate-untereinander-189x300.jpg 189w\" sizes=\"(max-width: 290px) 100vw, 290px\" \/>\n<figcaption>\u00a9 Steffi Weismann, Annette Krebs<\/figcaption>\n<\/figure>\n<!-- \/wp:image --><!-- wp:paragraph {\"fontSize\":\"small\"} -->\n<p class=\"has-small-font-size\">Impressum und Datenschutz<\/p>\n<!-- \/wp:paragraph --><!-- wp:paragraph {\"style\":{\"typography\":{\"fontSize\":11}}} -->\n<p style=\"font-size: 11px;\">Angaben gem\u00e4\u00df \u00a7 5 TMG<br \/>Mikroklang &#8211; Annette Krebs C\/O Atelier Klangquadrat | Rungestr. 20 \/ 4 10179 Berlin | mail AT mikroklang.eu<br \/>Umsatzsteuer-Identifikationsnummer gem\u00e4\u00df \u00a727 a Umsatzsteuergesetz: 65 730 409 181 | Finanzamt Friedrichsh.\/Pr.berg<\/p>\n<!-- \/wp:paragraph --><!-- wp:paragraph {\"style\":{\"typography\":{\"fontSize\":12}}} -->\n<p style=\"font-size: 12px;\">Disclaimer<\/p>\n<!-- \/wp:paragraph --><!-- wp:paragraph {\"style\":{\"typography\":{\"fontSize\":11}}} -->\n<p style=\"font-size: 11px;\">Bei direkten oder indirekten Verweisen auf fremde Webseiten (&#8220;Hyperlinks&#8221;), die au\u00dferhalb des Verantwortungsbereiches der Autoren liegen, w\u00fcrde eine Haftungsverpflichtung ausschlie\u00dflich in dem Fall in Kraft treten, in dem die Autoren von den Inhalten Kenntnis haben und es ihnen technisch m\u00f6glich und zumutbar w\u00e4re, die Nutzung im Falle rechtswidriger Inhalte zu verhindern. Die Autoren erkl\u00e4ren hiermit ausdr\u00fccklich, dass zum Zeitpunkt der Linksetzung keine illegalen Inhalte auf den zu verlinkenden Seiten erkennbar waren. Auf die aktuelle und zuk\u00fcnftige Gestaltung, die Inhalte oder die Urheberschaft der verlinkten\/verkn\u00fcpften Seiten haben die Autoren keinerlei Einfluss. Deshalb distanzieren sie sich hiermit ausdr\u00fccklich von allen Inhalten aller verlinkten \/verkn\u00fcpften Seiten, die nach der Linksetzung ver\u00e4ndert wurden. Diese Feststellung gilt f\u00fcr alle innerhalb des eigenen Internetangebotes gesetzten Links und Verweise sowie f\u00fcr Fremdeintr\u00e4ge in von den Autoren eingerichteten G\u00e4steb\u00fcchern, Diskussionsforen, Linkverzeichnissen, Mailinglisten und in allen anderen Formen von Datenbanken, auf deren Inhalt externe Schreibzugriffe m\u00f6glich sind. F\u00fcr illegale, fehlerhafte oder unvollst\u00e4ndige Inhalte und insbesondere f\u00fcr Sch\u00e4den, die aus der Nutzung oder Nichtnutzung solcherart dargebotener Informationen entstehen, haftet allein der Anbieter der Seite auf welche verwiesen wurde, nicht diejenigen, die \u00fcber Links auf die jeweilige Ver\u00f6ffentlichung lediglich verweisen.<\/p>\n<!-- \/wp:paragraph --><!-- wp:paragraph {\"style\":{\"typography\":{\"fontSize\":12}}} -->\n<p style=\"font-size: 12px;\">Urheber- und Kennzeichenrecht<\/p>\n<!-- \/wp:paragraph --><!-- wp:paragraph {\"style\":{\"typography\":{\"fontSize\":11}}} -->\n<p style=\"font-size: 11px;\">Die Autoren sind bestrebt, in allen Publikationen die Urheberrechte der verwendeten Bilder, Grafiken, Tondokumente, Videosequenzen und Texte zu beachten, von ihnen selbst erstellte Bilder, Grafiken, Tondokumente, Videosequenzen und Texte zu nutzen oder auf lizenzfreie Grafiken, Tondokumente, Videosequenzen und Texte zur\u00fcckzugreifen. Alle innerhalb des Internetangebotes genannten und ggf. durch Dritte gesch\u00fctzten Marken- und Warenzeichen unterliegen uneingeschr\u00e4nkt den Bestimmungen des jeweils g\u00fcltigen Kennzeichenrechts und den Besitzrechten der jeweiligen eingetragenen Eigent\u00fcmer. Allein aufgrund der blo\u00dfen Nennung ist nicht der Schluss zu ziehen, dass Markenzeichen nicht durch Rechte Dritter gesch\u00fctzt sind! Das Copyright f\u00fcr ver\u00f6ffentlichte, von den Autoren selbst erstellte Objekte bleibt allein bei den Autoren der Seiten. Eine Vervielf\u00e4ltigung oder Verwendung solcher Grafiken, Tondokumente, Videosequenzen und Texte in anderen elektronischen oder gedruckten Publikationen ist ohne ausdr\u00fcckliche Zustimmung der Autoren nicht gestattet.<\/p>\n<!-- \/wp:paragraph -->\t\t\t\t\t\t<\/div>\n\t\t\t\t<\/div>\n\t\t\t\t\t<\/div>\n\t\t<\/div>\n\t\t\t\t\t<\/div>\n\t\t<\/section>\n\t\t\t\t<\/div>\n\t\t","protected":false},"excerpt":{"rendered":"<p>Impressum und Datenschutz Angaben gem\u00e4\u00df \u00a7 5 TMGMikroklang &#8211; Annette Krebs C\/O Atelier Klangquadrat | Rungestr. 20 \/ 4 10179 Berlin | mail AT mikroklang.euUmsatzsteuer-Identifikationsnummer gem\u00e4\u00df \u00a727 a Umsatzsteuergesetz: 65 730 409 181 | Finanzamt Friedrichsh.\/Pr.berg Disclaimer Bei direkten oder indirekten Verweisen auf fremde Webseiten (&#8220;Hyperlinks&#8221;), die au\u00dferhalb des Verantwortungsbereiches der Autoren liegen, w\u00fcrde eine &hellip; <\/p>\n<p class=\"link-more\"><a href=\"https:\/\/mikroklang.eu\/?page_id=279\" class=\"more-link\"><span class=\"screen-reader-text\">\u201eImpressum\u201c<\/span> weiterlesen<\/a><\/p>\n","protected":false},"author":1,"featured_media":0,"parent":0,"menu_order":0,"comment_status":"closed","ping_status":"closed","template":"","meta":{"footnotes":""},"yoast_head":"<!-- This site is optimized with the Yoast SEO plugin v22.7 - https:\/\/yoast.com\/wordpress\/plugins\/seo\/ -->\n<title>Impressum - Mikroklang<\/title>\n<meta name=\"robots\" content=\"noindex, nofollow\" \/>\n<meta property=\"og:locale\" content=\"de_DE\" \/>\n<meta property=\"og:type\" content=\"article\" \/>\n<meta property=\"og:title\" content=\"Impressum - Mikroklang\" \/>\n<meta property=\"og:description\" content=\"Impressum und Datenschutz Angaben gem\u00e4\u00df \u00a7 5 TMGMikroklang &#8211; Annette Krebs C\/O Atelier Klangquadrat | Rungestr. 20 \/ 4 10179 Berlin | mail AT mikroklang.euUmsatzsteuer-Identifikationsnummer gem\u00e4\u00df \u00a727 a Umsatzsteuergesetz: 65 730 409 181 | Finanzamt Friedrichsh.\/Pr.berg Disclaimer Bei direkten oder indirekten Verweisen auf fremde Webseiten (&#8220;Hyperlinks&#8221;), die au\u00dferhalb des Verantwortungsbereiches der Autoren liegen, w\u00fcrde eine &hellip; \u201eImpressum\u201c weiterlesen\" \/>\n<meta property=\"og:url\" content=\"https:\/\/mikroklang.eu\/?page_id=279\" \/>\n<meta property=\"og:site_name\" content=\"Mikroklang\" \/>\n<meta property=\"article:modified_time\" content=\"2023-04-26T10:06:03+00:00\" \/>\n<meta property=\"og:image\" content=\"https:\/\/mikroklang.eu\/wp-content\/uploads\/2021\/02\/plagiate-untereinander.jpg\" \/>\n<meta name=\"twitter:card\" content=\"summary_large_image\" \/>\n<meta name=\"twitter:label1\" content=\"Gesch\u00e4tzte Lesezeit\" \/>\n\t<meta name=\"twitter:data1\" content=\"3\u00a0Minuten\" \/>\n<script type=\"application\/ld+json\" class=\"yoast-schema-graph\">{\"@context\":\"https:\/\/schema.org\",\"@graph\":[{\"@type\":\"WebPage\",\"@id\":\"https:\/\/mikroklang.eu\/?page_id=279\",\"url\":\"https:\/\/mikroklang.eu\/?page_id=279\",\"name\":\"Impressum - Mikroklang\",\"isPartOf\":{\"@id\":\"https:\/\/mikroklang.eu\/#website\"},\"primaryImageOfPage\":{\"@id\":\"https:\/\/mikroklang.eu\/?page_id=279#primaryimage\"},\"image\":{\"@id\":\"https:\/\/mikroklang.eu\/?page_id=279#primaryimage\"},\"thumbnailUrl\":\"https:\/\/mikroklang.eu\/wp-content\/uploads\/2021\/02\/plagiate-untereinander.jpg\",\"datePublished\":\"2021-02-01T23:22:01+00:00\",\"dateModified\":\"2023-04-26T10:06:03+00:00\",\"breadcrumb\":{\"@id\":\"https:\/\/mikroklang.eu\/?page_id=279#breadcrumb\"},\"inLanguage\":\"de\",\"potentialAction\":[{\"@type\":\"ReadAction\",\"target\":[\"https:\/\/mikroklang.eu\/?page_id=279\"]}]},{\"@type\":\"ImageObject\",\"inLanguage\":\"de\",\"@id\":\"https:\/\/mikroklang.eu\/?page_id=279#primaryimage\",\"url\":\"https:\/\/mikroklang.eu\/wp-content\/uploads\/2021\/02\/plagiate-untereinander.jpg\",\"contentUrl\":\"https:\/\/mikroklang.eu\/wp-content\/uploads\/2021\/02\/plagiate-untereinander.jpg\",\"width\":227,\"height\":360},{\"@type\":\"BreadcrumbList\",\"@id\":\"https:\/\/mikroklang.eu\/?page_id=279#breadcrumb\",\"itemListElement\":[{\"@type\":\"ListItem\",\"position\":1,\"name\":\"Startseite\",\"item\":\"https:\/\/mikroklang.eu\/\"},{\"@type\":\"ListItem\",\"position\":2,\"name\":\"Impressum\"}]},{\"@type\":\"WebSite\",\"@id\":\"https:\/\/mikroklang.eu\/#website\",\"url\":\"https:\/\/mikroklang.eu\/\",\"name\":\"Mikroklang\",\"description\":\"Workshops, tuition and lessons in Max\/MSP, live electronics and sound\",\"potentialAction\":[{\"@type\":\"SearchAction\",\"target\":{\"@type\":\"EntryPoint\",\"urlTemplate\":\"https:\/\/mikroklang.eu\/?s={search_term_string}\"},\"query-input\":\"required name=search_term_string\"}],\"inLanguage\":\"de\"}]}<\/script>\n<!-- \/ Yoast SEO plugin. -->","yoast_head_json":{"title":"Impressum - Mikroklang","robots":{"index":"noindex","follow":"nofollow"},"og_locale":"de_DE","og_type":"article","og_title":"Impressum - Mikroklang","og_description":"Impressum und Datenschutz Angaben gem\u00e4\u00df \u00a7 5 TMGMikroklang &#8211; Annette Krebs C\/O Atelier Klangquadrat | Rungestr. 20 \/ 4 10179 Berlin | mail AT mikroklang.euUmsatzsteuer-Identifikationsnummer gem\u00e4\u00df \u00a727 a Umsatzsteuergesetz: 65 730 409 181 | Finanzamt Friedrichsh.\/Pr.berg Disclaimer Bei direkten oder indirekten Verweisen auf fremde Webseiten (&#8220;Hyperlinks&#8221;), die au\u00dferhalb des Verantwortungsbereiches der Autoren liegen, w\u00fcrde eine &hellip; \u201eImpressum\u201c weiterlesen","og_url":"https:\/\/mikroklang.eu\/?page_id=279","og_site_name":"Mikroklang","article_modified_time":"2023-04-26T10:06:03+00:00","og_image":[{"url":"https:\/\/mikroklang.eu\/wp-content\/uploads\/2021\/02\/plagiate-untereinander.jpg"}],"twitter_card":"summary_large_image","twitter_misc":{"Gesch\u00e4tzte Lesezeit":"3\u00a0Minuten"},"schema":{"@context":"https:\/\/schema.org","@graph":[{"@type":"WebPage","@id":"https:\/\/mikroklang.eu\/?page_id=279","url":"https:\/\/mikroklang.eu\/?page_id=279","name":"Impressum - Mikroklang","isPartOf":{"@id":"https:\/\/mikroklang.eu\/#website"},"primaryImageOfPage":{"@id":"https:\/\/mikroklang.eu\/?page_id=279#primaryimage"},"image":{"@id":"https:\/\/mikroklang.eu\/?page_id=279#primaryimage"},"thumbnailUrl":"https:\/\/mikroklang.eu\/wp-content\/uploads\/2021\/02\/plagiate-untereinander.jpg","datePublished":"2021-02-01T23:22:01+00:00","dateModified":"2023-04-26T10:06:03+00:00","breadcrumb":{"@id":"https:\/\/mikroklang.eu\/?page_id=279#breadcrumb"},"inLanguage":"de","potentialAction":[{"@type":"ReadAction","target":["https:\/\/mikroklang.eu\/?page_id=279"]}]},{"@type":"ImageObject","inLanguage":"de","@id":"https:\/\/mikroklang.eu\/?page_id=279#primaryimage","url":"https:\/\/mikroklang.eu\/wp-content\/uploads\/2021\/02\/plagiate-untereinander.jpg","contentUrl":"https:\/\/mikroklang.eu\/wp-content\/uploads\/2021\/02\/plagiate-untereinander.jpg","width":227,"height":360},{"@type":"BreadcrumbList","@id":"https:\/\/mikroklang.eu\/?page_id=279#breadcrumb","itemListElement":[{"@type":"ListItem","position":1,"name":"Startseite","item":"https:\/\/mikroklang.eu\/"},{"@type":"ListItem","position":2,"name":"Impressum"}]},{"@type":"WebSite","@id":"https:\/\/mikroklang.eu\/#website","url":"https:\/\/mikroklang.eu\/","name":"Mikroklang","description":"Workshops, tuition and lessons in Max\/MSP, live electronics and sound","potentialAction":[{"@type":"SearchAction","target":{"@type":"EntryPoint","urlTemplate":"https:\/\/mikroklang.eu\/?s={search_term_string}"},"query-input":"required name=search_term_string"}],"inLanguage":"de"}]}},"_links":{"self":[{"href":"https:\/\/mikroklang.eu\/index.php?rest_route=\/wp\/v2\/pages\/279"}],"collection":[{"href":"https:\/\/mikroklang.eu\/index.php?rest_route=\/wp\/v2\/pages"}],"about":[{"href":"https:\/\/mikroklang.eu\/index.php?rest_route=\/wp\/v2\/types\/page"}],"author":[{"embeddable":true,"href":"https:\/\/mikroklang.eu\/index.php?rest_route=\/wp\/v2\/users\/1"}],"replies":[{"embeddable":true,"href":"https:\/\/mikroklang.eu\/index.php?rest_route=%2Fwp%2Fv2%2Fcomments&post=279"}],"version-history":[{"count":16,"href":"https:\/\/mikroklang.eu\/index.php?rest_route=\/wp\/v2\/pages\/279\/revisions"}],"predecessor-version":[{"id":466,"href":"https:\/\/mikroklang.eu\/index.php?rest_route=\/wp\/v2\/pages\/279\/revisions\/466"}],"wp:attachment":[{"href":"https:\/\/mikroklang.eu\/index.php?rest_route=%2Fwp%2Fv2%2Fmedia&parent=279"}],"curies":[{"name":"wp","href":"https:\/\/api.w.org\/{rel}","templated":true}]}}