{"id":22,"date":"2020-03-30T19:45:56","date_gmt":"2020-03-30T19:45:56","guid":{"rendered":"http:\/\/test.mikroklang.eu\/?page_id=22"},"modified":"2024-06-19T12:02:16","modified_gmt":"2024-06-19T12:02:16","slug":"maxmsp","status":"publish","type":"page","link":"https:\/\/mikroklang.eu\/?page_id=22","title":{"rendered":"Max\/MSP"},"content":{"rendered":"\t\t<div data-elementor-type=\"wp-page\" data-elementor-id=\"22\" class=\"elementor elementor-22\">\n\t\t\t\t\t\t<section class=\"elementor-section elementor-top-section elementor-element elementor-element-17bc48b elementor-section-boxed elementor-section-height-default elementor-section-height-default\" data-id=\"17bc48b\" data-element_type=\"section\">\n\t\t\t\t\t\t<div class=\"elementor-container elementor-column-gap-default\">\n\t\t\t\t\t<div class=\"elementor-column elementor-col-100 elementor-top-column elementor-element elementor-element-7e5d2e9\" data-id=\"7e5d2e9\" data-element_type=\"column\">\n\t\t\t<div class=\"elementor-widget-wrap elementor-element-populated\">\n\t\t\t\t\t\t<div class=\"elementor-element elementor-element-8429b00 elementor-widget elementor-widget-heading\" data-id=\"8429b00\" data-element_type=\"widget\" data-widget_type=\"heading.default\">\n\t\t\t\t<div class=\"elementor-widget-container\">\n\t\t\t<style>\/*! elementor - v3.21.0 - 20-05-2024 *\/\n.elementor-heading-title{padding:0;margin:0;line-height:1}.elementor-widget-heading .elementor-heading-title[class*=elementor-size-]>a{color:inherit;font-size:inherit;line-height:inherit}.elementor-widget-heading .elementor-heading-title.elementor-size-small{font-size:15px}.elementor-widget-heading .elementor-heading-title.elementor-size-medium{font-size:19px}.elementor-widget-heading .elementor-heading-title.elementor-size-large{font-size:29px}.elementor-widget-heading .elementor-heading-title.elementor-size-xl{font-size:39px}.elementor-widget-heading .elementor-heading-title.elementor-size-xxl{font-size:59px}<\/style><h4 class=\"elementor-heading-title elementor-size-default\">Max\/MSP & Live-Elektronik<\/h4>\t\t<\/div>\n\t\t\t\t<\/div>\n\t\t\t\t\t<\/div>\n\t\t<\/div>\n\t\t\t\t\t<\/div>\n\t\t<\/section>\n\t\t\t\t<section class=\"elementor-section elementor-top-section elementor-element elementor-element-6491d36 elementor-section-boxed elementor-section-height-default elementor-section-height-default\" data-id=\"6491d36\" data-element_type=\"section\">\n\t\t\t\t\t\t<div class=\"elementor-container elementor-column-gap-default\">\n\t\t\t\t\t<div class=\"elementor-column elementor-col-100 elementor-top-column elementor-element elementor-element-8e5fd09\" data-id=\"8e5fd09\" data-element_type=\"column\">\n\t\t\t<div class=\"elementor-widget-wrap elementor-element-populated\">\n\t\t\t\t\t\t<div class=\"elementor-element elementor-element-f12d167 elementor-widget elementor-widget-heading\" data-id=\"f12d167\" data-element_type=\"widget\" data-widget_type=\"heading.default\">\n\t\t\t\t<div class=\"elementor-widget-container\">\n\t\t\t<h6 class=\"elementor-heading-title elementor-size-default\">Workshops in kleinen Gruppen, Tuition und Support f\u00fcr Einsteiger\/innen und profesionelle MusikerInnen und KomponistInnen<\/h6>\t\t<\/div>\n\t\t\t\t<\/div>\n\t\t\t\t\t<\/div>\n\t\t<\/div>\n\t\t\t\t\t<\/div>\n\t\t<\/section>\n\t\t\t\t<section class=\"elementor-section elementor-top-section elementor-element elementor-element-3eaef14 elementor-section-boxed elementor-section-height-default elementor-section-height-default\" data-id=\"3eaef14\" data-element_type=\"section\">\n\t\t\t\t\t\t<div class=\"elementor-container elementor-column-gap-default\">\n\t\t\t\t\t<div class=\"elementor-column elementor-col-100 elementor-top-column elementor-element elementor-element-e3b549c\" data-id=\"e3b549c\" data-element_type=\"column\">\n\t\t\t<div class=\"elementor-widget-wrap elementor-element-populated\">\n\t\t\t\t\t\t<div class=\"elementor-element elementor-element-a72f6df elementor-widget elementor-widget-spacer\" data-id=\"a72f6df\" data-element_type=\"widget\" data-widget_type=\"spacer.default\">\n\t\t\t\t<div class=\"elementor-widget-container\">\n\t\t\t<style>\/*! elementor - v3.21.0 - 20-05-2024 *\/\n.elementor-column .elementor-spacer-inner{height:var(--spacer-size)}.e-con{--container-widget-width:100%}.e-con-inner>.elementor-widget-spacer,.e-con>.elementor-widget-spacer{width:var(--container-widget-width,var(--spacer-size));--align-self:var(--container-widget-align-self,initial);--flex-shrink:0}.e-con-inner>.elementor-widget-spacer>.elementor-widget-container,.e-con>.elementor-widget-spacer>.elementor-widget-container{height:100%;width:100%}.e-con-inner>.elementor-widget-spacer>.elementor-widget-container>.elementor-spacer,.e-con>.elementor-widget-spacer>.elementor-widget-container>.elementor-spacer{height:100%}.e-con-inner>.elementor-widget-spacer>.elementor-widget-container>.elementor-spacer>.elementor-spacer-inner,.e-con>.elementor-widget-spacer>.elementor-widget-container>.elementor-spacer>.elementor-spacer-inner{height:var(--container-widget-height,var(--spacer-size))}.e-con-inner>.elementor-widget-spacer.elementor-widget-empty,.e-con>.elementor-widget-spacer.elementor-widget-empty{position:relative;min-height:22px;min-width:22px}.e-con-inner>.elementor-widget-spacer.elementor-widget-empty .elementor-widget-empty-icon,.e-con>.elementor-widget-spacer.elementor-widget-empty .elementor-widget-empty-icon{position:absolute;top:0;bottom:0;left:0;right:0;margin:auto;padding:0;width:22px;height:22px}<\/style>\t\t<div class=\"elementor-spacer\">\n\t\t\t<div class=\"elementor-spacer-inner\"><\/div>\n\t\t<\/div>\n\t\t\t\t<\/div>\n\t\t\t\t<\/div>\n\t\t\t\t<div class=\"elementor-element elementor-element-24c1045 elementor-widget elementor-widget-text-editor\" data-id=\"24c1045\" data-element_type=\"widget\" data-widget_type=\"text-editor.default\">\n\t\t\t\t<div class=\"elementor-widget-container\">\n\t\t\t<style>\/*! elementor - v3.21.0 - 20-05-2024 *\/\n.elementor-widget-text-editor.elementor-drop-cap-view-stacked .elementor-drop-cap{background-color:#69727d;color:#fff}.elementor-widget-text-editor.elementor-drop-cap-view-framed .elementor-drop-cap{color:#69727d;border:3px solid;background-color:transparent}.elementor-widget-text-editor:not(.elementor-drop-cap-view-default) .elementor-drop-cap{margin-top:8px}.elementor-widget-text-editor:not(.elementor-drop-cap-view-default) .elementor-drop-cap-letter{width:1em;height:1em}.elementor-widget-text-editor .elementor-drop-cap{float:left;text-align:center;line-height:1;font-size:50px}.elementor-widget-text-editor .elementor-drop-cap-letter{display:inline-block}<\/style>\t\t\t\t<p>MaxMSP ist eine grafische Programmiersprache f\u00fcr KomponistInnen und Klangk\u00fcnstlerInnen, die extrem flexibel und kreativ ist, Spa\u00df macht und intuitiv angewendet werden kann. Ich unterrichte Max\/MSP mit dem Schwerpunkt auf Live-Elektronik und dem Entwickeln elektroakustischer Setups, Kompositionen und Installationen.<\/p>\n<p><strong>Formate:<\/strong><br \/><a href=\"#einsteigerinnen\">&#8211; <strong>Workshops und Unterricht f\u00fcr EinsteigerInnen<\/strong><\/a><br \/><a href=\"#fortgeschrittenere\">&#8211; <strong>Workshops und Tuition f\u00fcr Fortgeschrittenere<\/strong><\/a><br \/><a href=\"#individuell\">&#8211; <strong>Support individueller Projekte, Programmierungen<\/strong><\/a><br \/><br \/>Zu meinem Profil auf der Webseite der Entwickler\/innen Cycling&#8217;74:<br \/><a href=\"https:\/\/cycling74.com\/articles\/find-a-max-consultant\/\">https:\/\/cycling74.com\/articles\/find-a-max-consultant\/<\/a><\/p>\n<p><!-- \/wp:paragraph --><!-- wp:paragraph --><\/p>\t\t\t\t\t\t<\/div>\n\t\t\t\t<\/div>\n\t\t\t\t<div class=\"elementor-element elementor-element-a16f3f4 elementor-widget elementor-widget-menu-anchor\" data-id=\"a16f3f4\" data-element_type=\"widget\" data-widget_type=\"menu-anchor.default\">\n\t\t\t\t<div class=\"elementor-widget-container\">\n\t\t\t<style>\/*! elementor - v3.21.0 - 20-05-2024 *\/\nbody.elementor-page .elementor-widget-menu-anchor{margin-bottom:0}<\/style>\t\t<div class=\"elementor-menu-anchor\" id=\"einsteigerinnen\"><\/div>\n\t\t\t\t<\/div>\n\t\t\t\t<\/div>\n\t\t\t\t\t<\/div>\n\t\t<\/div>\n\t\t\t\t\t<\/div>\n\t\t<\/section>\n\t\t\t\t<section class=\"elementor-section elementor-top-section elementor-element elementor-element-4ad4f2a elementor-section-boxed elementor-section-height-default elementor-section-height-default\" data-id=\"4ad4f2a\" data-element_type=\"section\">\n\t\t\t\t\t\t<div class=\"elementor-container elementor-column-gap-default\">\n\t\t\t\t\t<div class=\"elementor-column elementor-col-100 elementor-top-column elementor-element elementor-element-e68b36a\" data-id=\"e68b36a\" data-element_type=\"column\">\n\t\t\t<div class=\"elementor-widget-wrap elementor-element-populated\">\n\t\t\t\t\t\t<div class=\"elementor-element elementor-element-5ac5af4 elementor-widget elementor-widget-text-editor\" data-id=\"5ac5af4\" data-element_type=\"widget\" data-widget_type=\"text-editor.default\">\n\t\t\t\t<div class=\"elementor-widget-container\">\n\t\t\t\t\t\t\t<p><strong>Workshops und Unterricht f\u00fcr EinsteigerInnen<\/strong><\/p>\n<p>Der Einstieg in Max\/MSP, das Grundkenntnisse in digitaler Audioverarbeitung voraussetzt, f\u00e4llt vielen schwer.<br \/>In Workshops und 1:1 Meetings gebe ich eine einfache und verst\u00e4ndliche Einf\u00fchrung in das Programm. Sie lernen die Grundlagen von Max\/MSP kennen und k\u00f6nnen nach kurzer Zeit eigene Patches schreiben. Es gibt gen\u00fcgend Zeit f\u00fcr Fragen, praktische \u00dcbungen und zum Einbringen und Realisieren eigener Ideen.<\/p>\n<p class=\"Verdana12-1px\"><em><strong>Inhalte<\/strong><\/em><br \/>\u203a Soundfiles aufnehmen und abspielen<br \/>\u203a Kennenlernen einfacher Sinuston- und Rauschgeneratoren<br \/>\u203a Sounds mit Tastatur, Maus und MIDI Controllern anspielen und ver\u00e4ndern<br \/>\u203a Zuordnung von Kl\u00e4ngen in verschiedene Lautsprecher<br \/>\u203a Schwerpunkte: Live-Elektronik, elektroakustische Musik<\/p>\n<p><em><strong>Workshops<\/strong><\/em><br \/>\u203a <a href=\"https:\/\/mikroklang.eu\/?page_id=631\">3-t\u00e4gige Workshops f\u00fcr eine\/n bis drei Teilnehmende<\/a><\/p>\t\t\t\t\t\t<\/div>\n\t\t\t\t<\/div>\n\t\t\t\t\t<\/div>\n\t\t<\/div>\n\t\t\t\t\t<\/div>\n\t\t<\/section>\n\t\t\t\t<section class=\"elementor-section elementor-top-section elementor-element elementor-element-29a322e elementor-section-boxed elementor-section-height-default elementor-section-height-default\" data-id=\"29a322e\" data-element_type=\"section\">\n\t\t\t\t\t\t<div class=\"elementor-container elementor-column-gap-default\">\n\t\t\t\t\t<div class=\"elementor-column elementor-col-100 elementor-top-column elementor-element elementor-element-e4d04ac\" data-id=\"e4d04ac\" data-element_type=\"column\">\n\t\t\t<div class=\"elementor-widget-wrap elementor-element-populated\">\n\t\t\t\t\t\t<div class=\"elementor-element elementor-element-7201451 elementor-widget elementor-widget-menu-anchor\" data-id=\"7201451\" data-element_type=\"widget\" data-widget_type=\"menu-anchor.default\">\n\t\t\t\t<div class=\"elementor-widget-container\">\n\t\t\t\t\t<div class=\"elementor-menu-anchor\" id=\"fortgeschrittenere\"><\/div>\n\t\t\t\t<\/div>\n\t\t\t\t<\/div>\n\t\t\t\t<div class=\"elementor-element elementor-element-65f9b6f elementor-widget elementor-widget-spacer\" data-id=\"65f9b6f\" data-element_type=\"widget\" data-widget_type=\"spacer.default\">\n\t\t\t\t<div class=\"elementor-widget-container\">\n\t\t\t\t\t<div class=\"elementor-spacer\">\n\t\t\t<div class=\"elementor-spacer-inner\"><\/div>\n\t\t<\/div>\n\t\t\t\t<\/div>\n\t\t\t\t<\/div>\n\t\t\t\t<div class=\"elementor-element elementor-element-89254f9 elementor-widget elementor-widget-text-editor\" data-id=\"89254f9\" data-element_type=\"widget\" data-widget_type=\"text-editor.default\">\n\t\t\t\t<div class=\"elementor-widget-container\">\n\t\t\t\t\t\t\t<p><strong>Workshops und Tuition f\u00fcr Fortgeschrittenere<\/strong><\/p>\n<p>\u203a Hilfe bei der Realisierung oder Weiterentwicklung existierender Projekte<br \/>\u203a Auffrischen von Grundlagen des Programms, um Ideen leichter realisieren zu k\u00f6nnen<br \/>\u203a Entwicklung individueller Setups in Verbindung mit Midi, TouchOSC oder Arduino<\/p>\n<p><em><strong>Workshops<\/strong><\/em><br \/>\u203a <a href=\"https:\/\/mikroklang.eu\/?page_id=631\">3-t\u00e4gige Workshops f\u00fcr eine\/n bis drei Teilnehmende<\/a><\/p>\n<p>\u00a0<\/p>\t\t\t\t\t\t<\/div>\n\t\t\t\t<\/div>\n\t\t\t\t<div class=\"elementor-element elementor-element-5691975 elementor-widget elementor-widget-spacer\" data-id=\"5691975\" data-element_type=\"widget\" data-widget_type=\"spacer.default\">\n\t\t\t\t<div class=\"elementor-widget-container\">\n\t\t\t\t\t<div class=\"elementor-spacer\">\n\t\t\t<div class=\"elementor-spacer-inner\"><\/div>\n\t\t<\/div>\n\t\t\t\t<\/div>\n\t\t\t\t<\/div>\n\t\t\t\t\t<\/div>\n\t\t<\/div>\n\t\t\t\t\t<\/div>\n\t\t<\/section>\n\t\t\t\t<section class=\"elementor-section elementor-top-section elementor-element elementor-element-8a85b63 elementor-section-boxed elementor-section-height-default elementor-section-height-default\" data-id=\"8a85b63\" data-element_type=\"section\">\n\t\t\t\t\t\t<div class=\"elementor-container elementor-column-gap-default\">\n\t\t\t\t\t<div class=\"elementor-column elementor-col-100 elementor-top-column elementor-element elementor-element-4fb5f48\" data-id=\"4fb5f48\" data-element_type=\"column\">\n\t\t\t<div class=\"elementor-widget-wrap elementor-element-populated\">\n\t\t\t\t\t\t<div class=\"elementor-element elementor-element-88d73fa elementor-widget elementor-widget-menu-anchor\" data-id=\"88d73fa\" data-element_type=\"widget\" data-widget_type=\"menu-anchor.default\">\n\t\t\t\t<div class=\"elementor-widget-container\">\n\t\t\t\t\t<div class=\"elementor-menu-anchor\" id=\"individuell\"><\/div>\n\t\t\t\t<\/div>\n\t\t\t\t<\/div>\n\t\t\t\t<div class=\"elementor-element elementor-element-76a4ec1 elementor-widget elementor-widget-text-editor\" data-id=\"76a4ec1\" data-element_type=\"widget\" data-widget_type=\"text-editor.default\">\n\t\t\t\t<div class=\"elementor-widget-container\">\n\t\t\t\t\t\t\t<p><strong>Support individueller Projekte, Programmierungen<br \/><\/strong><\/p>\n<p>Kontaktieren Sie mich gerne per Email, um Ihr Projekt zu beschreiben!<\/p>\t\t\t\t\t\t<\/div>\n\t\t\t\t<\/div>\n\t\t\t\t<div class=\"elementor-element elementor-element-8cff3cc elementor-widget elementor-widget-spacer\" data-id=\"8cff3cc\" data-element_type=\"widget\" data-widget_type=\"spacer.default\">\n\t\t\t\t<div class=\"elementor-widget-container\">\n\t\t\t\t\t<div class=\"elementor-spacer\">\n\t\t\t<div class=\"elementor-spacer-inner\"><\/div>\n\t\t<\/div>\n\t\t\t\t<\/div>\n\t\t\t\t<\/div>\n\t\t\t\t\t<\/div>\n\t\t<\/div>\n\t\t\t\t\t<\/div>\n\t\t<\/section>\n\t\t\t\t<\/div>\n\t\t","protected":false},"excerpt":{"rendered":"<p>Max\/MSP &#038; Live-Elektronik Workshops in kleinen Gruppen, Tuition und Support f\u00fcr Einsteiger\/innen und profesionelle MusikerInnen und KomponistInnen MaxMSP ist eine grafische Programmiersprache f\u00fcr KomponistInnen und Klangk\u00fcnstlerInnen, die extrem flexibel und kreativ ist, Spa\u00df macht und intuitiv angewendet werden kann. Ich unterrichte Max\/MSP mit dem Schwerpunkt auf Live-Elektronik und dem Entwickeln elektroakustischer Setups, Kompositionen und Installationen. &hellip; <\/p>\n<p class=\"link-more\"><a href=\"https:\/\/mikroklang.eu\/?page_id=22\" class=\"more-link\"><span class=\"screen-reader-text\">\u201eMax\/MSP\u201c<\/span> weiterlesen<\/a><\/p>\n","protected":false},"author":1,"featured_media":0,"parent":0,"menu_order":0,"comment_status":"closed","ping_status":"closed","template":"","meta":{"footnotes":""},"yoast_head":"<!-- This site is optimized with the Yoast SEO plugin v22.7 - https:\/\/yoast.com\/wordpress\/plugins\/seo\/ -->\n<title>Max\/MSP - Mikroklang<\/title>\n<meta name=\"robots\" content=\"index, follow, max-snippet:-1, max-image-preview:large, max-video-preview:-1\" \/>\n<link rel=\"canonical\" href=\"https:\/\/mikroklang.eu\/?page_id=22\" \/>\n<meta property=\"og:locale\" content=\"de_DE\" \/>\n<meta property=\"og:type\" content=\"article\" \/>\n<meta property=\"og:title\" content=\"Max\/MSP - Mikroklang\" \/>\n<meta property=\"og:description\" content=\"Max\/MSP &#038; Live-Elektronik Workshops in kleinen Gruppen, Tuition und Support f\u00fcr Einsteiger\/innen und profesionelle MusikerInnen und KomponistInnen MaxMSP ist eine grafische Programmiersprache f\u00fcr KomponistInnen und Klangk\u00fcnstlerInnen, die extrem flexibel und kreativ ist, Spa\u00df macht und intuitiv angewendet werden kann. Ich unterrichte Max\/MSP mit dem Schwerpunkt auf Live-Elektronik und dem Entwickeln elektroakustischer Setups, Kompositionen und Installationen. &hellip; \u201eMax\/MSP\u201c weiterlesen\" \/>\n<meta property=\"og:url\" content=\"https:\/\/mikroklang.eu\/?page_id=22\" \/>\n<meta property=\"og:site_name\" content=\"Mikroklang\" \/>\n<meta property=\"article:modified_time\" content=\"2024-06-19T12:02:16+00:00\" \/>\n<meta name=\"twitter:card\" content=\"summary_large_image\" \/>\n<meta name=\"twitter:label1\" content=\"Gesch\u00e4tzte Lesezeit\" \/>\n\t<meta name=\"twitter:data1\" content=\"2\u00a0Minuten\" \/>\n<script type=\"application\/ld+json\" class=\"yoast-schema-graph\">{\"@context\":\"https:\/\/schema.org\",\"@graph\":[{\"@type\":\"WebPage\",\"@id\":\"https:\/\/mikroklang.eu\/?page_id=22\",\"url\":\"https:\/\/mikroklang.eu\/?page_id=22\",\"name\":\"Max\/MSP - Mikroklang\",\"isPartOf\":{\"@id\":\"https:\/\/mikroklang.eu\/#website\"},\"datePublished\":\"2020-03-30T19:45:56+00:00\",\"dateModified\":\"2024-06-19T12:02:16+00:00\",\"breadcrumb\":{\"@id\":\"https:\/\/mikroklang.eu\/?page_id=22#breadcrumb\"},\"inLanguage\":\"de\",\"potentialAction\":[{\"@type\":\"ReadAction\",\"target\":[\"https:\/\/mikroklang.eu\/?page_id=22\"]}]},{\"@type\":\"BreadcrumbList\",\"@id\":\"https:\/\/mikroklang.eu\/?page_id=22#breadcrumb\",\"itemListElement\":[{\"@type\":\"ListItem\",\"position\":1,\"name\":\"Startseite\",\"item\":\"https:\/\/mikroklang.eu\/\"},{\"@type\":\"ListItem\",\"position\":2,\"name\":\"Max\/MSP\"}]},{\"@type\":\"WebSite\",\"@id\":\"https:\/\/mikroklang.eu\/#website\",\"url\":\"https:\/\/mikroklang.eu\/\",\"name\":\"Mikroklang\",\"description\":\"Workshops, tuition and lessons in Max\/MSP, live electronics and sound\",\"potentialAction\":[{\"@type\":\"SearchAction\",\"target\":{\"@type\":\"EntryPoint\",\"urlTemplate\":\"https:\/\/mikroklang.eu\/?s={search_term_string}\"},\"query-input\":\"required name=search_term_string\"}],\"inLanguage\":\"de\"}]}<\/script>\n<!-- \/ Yoast SEO plugin. -->","yoast_head_json":{"title":"Max\/MSP - Mikroklang","robots":{"index":"index","follow":"follow","max-snippet":"max-snippet:-1","max-image-preview":"max-image-preview:large","max-video-preview":"max-video-preview:-1"},"canonical":"https:\/\/mikroklang.eu\/?page_id=22","og_locale":"de_DE","og_type":"article","og_title":"Max\/MSP - Mikroklang","og_description":"Max\/MSP &#038; Live-Elektronik Workshops in kleinen Gruppen, Tuition und Support f\u00fcr Einsteiger\/innen und profesionelle MusikerInnen und KomponistInnen MaxMSP ist eine grafische Programmiersprache f\u00fcr KomponistInnen und Klangk\u00fcnstlerInnen, die extrem flexibel und kreativ ist, Spa\u00df macht und intuitiv angewendet werden kann. Ich unterrichte Max\/MSP mit dem Schwerpunkt auf Live-Elektronik und dem Entwickeln elektroakustischer Setups, Kompositionen und Installationen. &hellip; \u201eMax\/MSP\u201c weiterlesen","og_url":"https:\/\/mikroklang.eu\/?page_id=22","og_site_name":"Mikroklang","article_modified_time":"2024-06-19T12:02:16+00:00","twitter_card":"summary_large_image","twitter_misc":{"Gesch\u00e4tzte Lesezeit":"2\u00a0Minuten"},"schema":{"@context":"https:\/\/schema.org","@graph":[{"@type":"WebPage","@id":"https:\/\/mikroklang.eu\/?page_id=22","url":"https:\/\/mikroklang.eu\/?page_id=22","name":"Max\/MSP - Mikroklang","isPartOf":{"@id":"https:\/\/mikroklang.eu\/#website"},"datePublished":"2020-03-30T19:45:56+00:00","dateModified":"2024-06-19T12:02:16+00:00","breadcrumb":{"@id":"https:\/\/mikroklang.eu\/?page_id=22#breadcrumb"},"inLanguage":"de","potentialAction":[{"@type":"ReadAction","target":["https:\/\/mikroklang.eu\/?page_id=22"]}]},{"@type":"BreadcrumbList","@id":"https:\/\/mikroklang.eu\/?page_id=22#breadcrumb","itemListElement":[{"@type":"ListItem","position":1,"name":"Startseite","item":"https:\/\/mikroklang.eu\/"},{"@type":"ListItem","position":2,"name":"Max\/MSP"}]},{"@type":"WebSite","@id":"https:\/\/mikroklang.eu\/#website","url":"https:\/\/mikroklang.eu\/","name":"Mikroklang","description":"Workshops, tuition and lessons in Max\/MSP, live electronics and sound","potentialAction":[{"@type":"SearchAction","target":{"@type":"EntryPoint","urlTemplate":"https:\/\/mikroklang.eu\/?s={search_term_string}"},"query-input":"required name=search_term_string"}],"inLanguage":"de"}]}},"_links":{"self":[{"href":"https:\/\/mikroklang.eu\/index.php?rest_route=\/wp\/v2\/pages\/22"}],"collection":[{"href":"https:\/\/mikroklang.eu\/index.php?rest_route=\/wp\/v2\/pages"}],"about":[{"href":"https:\/\/mikroklang.eu\/index.php?rest_route=\/wp\/v2\/types\/page"}],"author":[{"embeddable":true,"href":"https:\/\/mikroklang.eu\/index.php?rest_route=\/wp\/v2\/users\/1"}],"replies":[{"embeddable":true,"href":"https:\/\/mikroklang.eu\/index.php?rest_route=%2Fwp%2Fv2%2Fcomments&post=22"}],"version-history":[{"count":138,"href":"https:\/\/mikroklang.eu\/index.php?rest_route=\/wp\/v2\/pages\/22\/revisions"}],"predecessor-version":[{"id":1493,"href":"https:\/\/mikroklang.eu\/index.php?rest_route=\/wp\/v2\/pages\/22\/revisions\/1493"}],"wp:attachment":[{"href":"https:\/\/mikroklang.eu\/index.php?rest_route=%2Fwp%2Fv2%2Fmedia&parent=22"}],"curies":[{"name":"wp","href":"https:\/\/api.w.org\/{rel}","templated":true}]}}